{"id":4072,"date":"2021-09-02T07:58:06","date_gmt":"2021-09-02T06:58:06","guid":{"rendered":"https:\/\/staging-brokertested.kinsta.cloud\/?page_id=4072"},"modified":"2021-12-03T02:38:11","modified_gmt":"2021-12-03T02:38:11","slug":"sobre-nosotros","status":"publish","type":"page","link":"https:\/\/brokertested.com\/es\/sobre-nosotros\/","title":{"rendered":"Sobre Nosotros"},"content":{"rendered":"\n<div class=\"wp-block-image\"><figure class=\"aligncenter size-large\"><img loading=\"lazy\" width=\"440\" height=\"90\" src=\"http:\/\/brokertested.com\/wp-content\/uploads\/2020\/11\/cropped-BrokerTested-logo.png\" alt=\"\" class=\"wp-image-767\" srcset=\"https:\/\/brokertested.com\/es\/wp-content\/uploads\/sites\/2\/2020\/11\/cropped-BrokerTested-logo.png 440w, https:\/\/brokertested.com\/es\/wp-content\/uploads\/sites\/2\/2020\/11\/cropped-BrokerTested-logo-300x61.png 300w\" sizes=\"(max-width: 440px) 100vw, 440px\" \/><\/figure><\/div>\n\n\n\n<p>brokertested.com es un sitio web l\u00edder en el segmento de revisiones de brokers de forex y CFD. Estamos orgullosos de usar cuentas reales, dep\u00f3sitos de dinero real y operativa en real como m\u00e9todos de comprobaciones y comparaciones. Al momento brokertested.com ha puesto a prueba y verificado <strong>a m\u00e1s de 30 brokers, depositado m\u00e1s de US$ 150,000, m\u00e1s de 400 operaciones reales, realizando m\u00e1s de 120 dep\u00f3sitos y reintegros.<\/strong><\/p>\n\n\n\n<p>Nuestra meta es<strong> ayudar a inversores y traders a encontrar el mejor broker adaptado a sus necesidades. <\/strong>Con nuestras revisiones transparentes e imparciales, contamos con brokers confiables y de calidad en nuestro sitio. Tambi\u00e9n contamos con brokers a pesar de no tener relaciones comerciales con ellos.<br>brokertested.com es<strong> gratis para cualquier lector. <\/strong>Nosotros recibiremos una comisi\u00f3n de algunos brokers si nuestros lectores abren una cuenta usando nuestros links de afiliados. De todas formas, nuestras revisiones est\u00e1n basadas en nuestros propios an\u00e1lisis los cuales son transparentes e imparciales.<\/p>\n","protected":false},"excerpt":{"rendered":"<p>brokertested.com es un sitio web l\u00edder en el segmento de revisiones de brokers de forex y CFD. Estamos orgullosos de usar cuentas reales, dep\u00f3sitos de dinero real y operativa en real como m\u00e9todos de comprobaciones y comparaciones. Al momento brokertested.com ha puesto a prueba y verificado a m\u00e1s de 30 brokers, depositado m\u00e1s de US$ [&hellip;]<\/p>\n","protected":false},"author":1,"featured_media":0,"parent":0,"menu_order":0,"comment_status":"closed","ping_status":"closed","template":"","meta":[],"_links":{"self":[{"href":"https:\/\/brokertested.com\/es\/wp-json\/wp\/v2\/pages\/4072"}],"collection":[{"href":"https:\/\/brokertested.com\/es\/wp-json\/wp\/v2\/pages"}],"about":[{"href":"https:\/\/brokertested.com\/es\/wp-json\/wp\/v2\/types\/page"}],"author":[{"embeddable":true,"href":"https:\/\/brokertested.com\/es\/wp-json\/wp\/v2\/users\/1"}],"replies":[{"embeddable":true,"href":"https:\/\/brokertested.com\/es\/wp-json\/wp\/v2\/comments?post=4072"}],"version-history":[{"count":2,"href":"https:\/\/brokertested.com\/es\/wp-json\/wp\/v2\/pages\/4072\/revisions"}],"predecessor-version":[{"id":5281,"href":"https:\/\/brokertested.com\/es\/wp-json\/wp\/v2\/pages\/4072\/revisions\/5281"}],"wp:attachment":[{"href":"https:\/\/brokertested.com\/es\/wp-json\/wp\/v2\/media?parent=4072"}],"curies":[{"name":"wp","href":"https:\/\/api.w.org\/{rel}","templated":true}]}}